{"id":4372,"date":"2021-12-13T15:14:55","date_gmt":"2021-12-13T15:14:55","guid":{"rendered":"https:\/\/laestanciahotel.pe\/gallery\/"},"modified":"2025-12-23T02:06:08","modified_gmt":"2025-12-23T02:06:08","slug":"gallery","status":"publish","type":"page","link":"https:\/\/laestanciahotel.pe\/en\/gallery\/","title":{"rendered":"Gallery"},"content":{"rendered":"\t\t<div data-elementor-type=\"wp-page\" data-elementor-id=\"4372\" class=\"elementor elementor-4372 elementor-635\">\n\t\t\t\t\t\t<section class=\"elementor-section elementor-top-section elementor-element elementor-element-bfe9707 elementor-section-full_width elementor-section-height-default elementor-section-height-default\" data-id=\"bfe9707\" data-element_type=\"section\" data-e-type=\"section\">\n\t\t\t\t\t\t<div class=\"elementor-container elementor-column-gap-no\">\n\t\t\t\t\t<div class=\"elementor-column elementor-col-100 elementor-top-column elementor-element elementor-element-ca2737f\" data-id=\"ca2737f\" data-element_type=\"column\" data-e-type=\"column\">\n\t\t\t<div class=\"elementor-widget-wrap elementor-element-populated\">\n\t\t\t\t\t\t<div class=\"elementor-element elementor-element-fcdec31 elementor-widget elementor-widget-kinsley-intro\" data-id=\"fcdec31\" data-element_type=\"widget\" data-e-type=\"widget\" data-widget_type=\"kinsley-intro.default\">\n\t\t\t\t<div class=\"elementor-widget-container\">\n\t\t\t\t\t\n    <!-- banner -->\n    <section class=\"knsl-banner-simple knsl-transition-bottom\">\n      \n      <div class=\"container\">\n        <div class=\"row\">\n          <div class=\"col-lg-12\">\n\n            <div class=\"knsl-center knsl-title-frame\">\n                            <h1 class=\"knsl-title--h knsl-mb-20 knsl-h1-inner\">\n                <span >\n                    Gallery                <\/span>\n              <\/h1>\n                                          <p class=\"knsl-text knsl-mb-30\">\n                <span >\n                    We show you different points of our facilities and common areas.                <\/span>\n              <\/p>\n              \n              <ul class=\"knsl-breadcrumbs\"><li><a href=\"https:\/\/laestanciahotel.pe\/en\/\" title=\"La Estancia Hotel Ica\">Home<\/a><\/li><li class=\"tst-active\"><a><\/a><\/li><\/ul>\n            <\/div>\n\n          <\/div>\n        <\/div>\n      <\/div>\n    <\/section>\n    <!-- banner end -->\n\n\t\t\t\t\t\t<\/div>\n\t\t\t\t<\/div>\n\t\t\t\t\t<\/div>\n\t\t<\/div>\n\t\t\t\t\t<\/div>\n\t\t<\/section>\n\t\t\t\t<section class=\"elementor-section elementor-top-section elementor-element elementor-element-f071f12 elementor-section-full_width elementor-section-height-default elementor-section-height-default\" data-id=\"f071f12\" data-element_type=\"section\" data-e-type=\"section\">\n\t\t\t\t\t\t<div class=\"elementor-container elementor-column-gap-no\">\n\t\t\t\t\t<div class=\"elementor-column elementor-col-100 elementor-top-column elementor-element elementor-element-0ebd20c\" data-id=\"0ebd20c\" data-element_type=\"column\" data-e-type=\"column\">\n\t\t\t<div class=\"elementor-widget-wrap elementor-element-populated\">\n\t\t\t\t\t\t<div class=\"elementor-element elementor-element-e18fb58 elementor-widget elementor-widget-kinsley-gallery\" data-id=\"e18fb58\" data-element_type=\"widget\" data-e-type=\"widget\" data-widget_type=\"kinsley-gallery.default\">\n\t\t\t\t<div class=\"elementor-widget-container\">\n\t\t\t\t\t\n    <!-- gallery -->\n    <div class=\"knsl-p-0-100\">\n      <div class=\"container\">\n        \n                <div class=\"knsl-filter knsl-mb-60\">\n          <a href=\"#\" data-filter=\"*\" class=\"knsl-work-category knsl-current\">All Photos<\/a>\n                    <a href=\"#\" data-filter=\".hotel-en\" class=\"knsl-work-category\">Hotel<\/a>\n                    <a href=\"#\" data-filter=\".restaurant-en\" class=\"knsl-work-category\">Restaurant<\/a>\n                    <a href=\"#\" data-filter=\".swimming-pool\" class=\"knsl-work-category\">Swimming pool<\/a>\n                  <\/div>\n        \n                <div class=\"knsl-masonry-grid knsl-3-col\">\n          <div class=\"knsl-grid-sizer\"><\/div>\n\n          \n\n<div class=\"knsl-masonry-grid-item knsl-masonry-grid-item-33 hotel-en restaurant-en \">\n\t\t<!-- gallery item -->\n\t<a data-magnific-image data-elementor-lightbox-slideshow=\"gallery-grid\" data-elementor-lightbox-title=\"Restaurant\" href=\"https:\/\/laestanciahotel.pe\/wp-content\/uploads\/2022\/08\/DESAYUNO-HOTEL-BALCON-LA-ESTANCIA-ICA-1920x864.jpg\" class=\"knsl-gallery-item\">\n\t\t<img decoding=\"async\" src=\"https:\/\/laestanciahotel.pe\/wp-content\/uploads\/2022\/08\/DESAYUNO-HOTEL-BALCON-LA-ESTANCIA-ICA-950x428.jpg\" alt=\"Restaurant\" \/>\n\t\t<span class=\"knsl-zoom\"><i class=\"fas fa-search-plus\"><\/i><\/span>\n\t<\/a>\n\t\t\t<!-- gallery item end -->\n\t<\/div>\n\n\n<div class=\"knsl-masonry-grid-item knsl-masonry-grid-item-33 hotel-en \">\n\t\t<!-- gallery item -->\n\t<a data-magnific-image data-elementor-lightbox-slideshow=\"gallery-grid\" data-elementor-lightbox-title=\"Hotel\" href=\"https:\/\/laestanciahotel.pe\/wp-content\/uploads\/2022\/08\/VISTA-PISCINA-HOTEL-LA-ESTANCIA-ICA-1920x1440.jpg\" class=\"knsl-gallery-item\">\n\t\t<img decoding=\"async\" src=\"https:\/\/laestanciahotel.pe\/wp-content\/uploads\/2022\/08\/VISTA-PISCINA-HOTEL-LA-ESTANCIA-ICA-950x713.jpg\" alt=\"Hotel\" \/>\n\t\t<span class=\"knsl-zoom\"><i class=\"fas fa-search-plus\"><\/i><\/span>\n\t<\/a>\n\t\t\t<!-- gallery item end -->\n\t<\/div>\n\n\n<div class=\"knsl-masonry-grid-item knsl-masonry-grid-item-33 hotel-en \">\n\t\t<!-- gallery item -->\n\t<a data-magnific-image data-elementor-lightbox-slideshow=\"gallery-grid\" data-elementor-lightbox-title=\"Dunes\" href=\"https:\/\/laestanciahotel.pe\/wp-content\/uploads\/2022\/08\/DUNAS-CABALLOS-LA-ESTANCIA-HOTEL-ICA.jpg\" class=\"knsl-gallery-item\">\n\t\t<img decoding=\"async\" src=\"https:\/\/laestanciahotel.pe\/wp-content\/uploads\/2022\/08\/DUNAS-CABALLOS-LA-ESTANCIA-HOTEL-ICA-950x534.jpg\" alt=\"Dunes\" \/>\n\t\t<span class=\"knsl-zoom\"><i class=\"fas fa-search-plus\"><\/i><\/span>\n\t<\/a>\n\t\t\t<!-- gallery item end -->\n\t<\/div>\n\n\n<div class=\"knsl-masonry-grid-item knsl-masonry-grid-item-33 hotel-en swimming-pool \">\n\t\t<!-- gallery item -->\n\t<a data-magnific-image data-elementor-lightbox-slideshow=\"gallery-grid\" data-elementor-lightbox-title=\"Hotel\" href=\"https:\/\/laestanciahotel.pe\/wp-content\/uploads\/2021\/12\/AREAS-COMUNES-LA-ESTANCIA-HOTEL-ICA-grande.jpg\" class=\"knsl-gallery-item knsl-scroll-animation\">\n\t\t<img decoding=\"async\" src=\"https:\/\/laestanciahotel.pe\/wp-content\/uploads\/2021\/12\/AREAS-COMUNES-LA-ESTANCIA-HOTEL-ICA-grande-950x713.jpg\" alt=\"Hotel\" \/>\n\t\t<span class=\"knsl-zoom\"><i class=\"fas fa-search-plus\"><\/i><\/span>\n\t<\/a>\n\t\t\t<!-- gallery item end -->\n\t<\/div>\n\n\n<div class=\"knsl-masonry-grid-item knsl-masonry-grid-item-33 hotel-en \">\n\t<\/div>\n\n\n<div class=\"knsl-masonry-grid-item knsl-masonry-grid-item-33 hotel-en \">\n\t<\/div>\n\n\n<div class=\"knsl-masonry-grid-item knsl-masonry-grid-item-33 hotel-en \">\n\t<\/div>\n\n\n<div class=\"knsl-masonry-grid-item knsl-masonry-grid-item-33 hotel-en restaurant-en \">\n\t<\/div>\n\n\n<div class=\"knsl-masonry-grid-item knsl-masonry-grid-item-33 hotel-en swimming-pool \">\n\t\t<!-- gallery item -->\n\t<a data-magnific-image data-elementor-lightbox-slideshow=\"gallery-grid\" data-elementor-lightbox-title=\"Hotel\" href=\"https:\/\/laestanciahotel.pe\/wp-content\/uploads\/2022\/08\/PERSONA-HABITACION-LA-ESTANCIA-HOTEL-ICA-1920x865.jpg\" class=\"knsl-gallery-item knsl-scroll-animation\">\n\t\t<img decoding=\"async\" src=\"https:\/\/laestanciahotel.pe\/wp-content\/uploads\/2022\/08\/PERSONA-HABITACION-LA-ESTANCIA-HOTEL-ICA-950x428.jpg\" alt=\"Hotel\" \/>\n\t\t<span class=\"knsl-zoom\"><i class=\"fas fa-search-plus\"><\/i><\/span>\n\t<\/a>\n\t\t\t<!-- gallery item end -->\n\t<\/div>\n\n\n<div class=\"knsl-masonry-grid-item knsl-masonry-grid-item-33 hotel-en restaurant-en \">\n\t\t<!-- gallery item -->\n\t<a data-magnific-image data-elementor-lightbox-slideshow=\"gallery-grid\" data-elementor-lightbox-title=\"Swimming pool\" href=\"https:\/\/laestanciahotel.pe\/wp-content\/uploads\/2022\/08\/PISCINA-NUEVA-HOTEL-ICA-LA-ESTANCIA-1920x1577.jpg\" class=\"knsl-gallery-item knsl-scroll-animation\">\n\t\t<img decoding=\"async\" src=\"https:\/\/laestanciahotel.pe\/wp-content\/uploads\/2022\/08\/PISCINA-NUEVA-HOTEL-ICA-LA-ESTANCIA-950x780.jpg\" alt=\"Swimming pool\" \/>\n\t\t<span class=\"knsl-zoom\"><i class=\"fas fa-search-plus\"><\/i><\/span>\n\t<\/a>\n\t\t\t<!-- gallery item end -->\n\t<\/div>\n\n\n<div class=\"knsl-masonry-grid-item knsl-masonry-grid-item-33 hotel-en \">\n\t<\/div>\n\n\n<div class=\"knsl-masonry-grid-item knsl-masonry-grid-item-33 hotel-en \">\n\t\t<!-- gallery item -->\n\t<a data-magnific-image data-elementor-lightbox-slideshow=\"gallery-grid\" data-elementor-lightbox-title=\"Hotel\" href=\"https:\/\/laestanciahotel.pe\/wp-content\/uploads\/2022\/12\/doble-standard-101_2.jpg\" class=\"knsl-gallery-item knsl-scroll-animation\">\n\t\t<img decoding=\"async\" src=\"https:\/\/laestanciahotel.pe\/wp-content\/uploads\/2022\/12\/doble-standard-101_2-950x713.jpg\" alt=\"Hotel\" \/>\n\t\t<span class=\"knsl-zoom\"><i class=\"fas fa-search-plus\"><\/i><\/span>\n\t<\/a>\n\t\t\t<!-- gallery item end -->\n\t<\/div>\n        <\/div>\n\n        \n  \t\t\t\n  \t\t\t\n        \n      <\/div>\n    <\/div>\n    <!-- gallery end -->\n\n\t\t\t\t\t\t<\/div>\n\t\t\t\t<\/div>\n\t\t\t\t\t<\/div>\n\t\t<\/div>\n\t\t\t\t\t<\/div>\n\t\t<\/section>\n\t\t\t\t<section class=\"elementor-section elementor-top-section elementor-element elementor-element-a7067e7 elementor-section-full_width elementor-section-height-default elementor-section-height-default\" data-id=\"a7067e7\" data-element_type=\"section\" data-e-type=\"section\" data-settings=\"{&quot;background_background&quot;:&quot;classic&quot;}\">\n\t\t\t\t\t\t<div class=\"elementor-container elementor-column-gap-no\">\n\t\t\t\t\t<div class=\"elementor-column elementor-col-100 elementor-top-column elementor-element elementor-element-b51bc63\" data-id=\"b51bc63\" data-element_type=\"column\" data-e-type=\"column\">\n\t\t\t<div class=\"elementor-widget-wrap elementor-element-populated\">\n\t\t\t\t\t\t<div class=\"elementor-element elementor-element-2842eb9 elementor-widget elementor-widget-heading\" data-id=\"2842eb9\" data-element_type=\"widget\" data-e-type=\"widget\" data-widget_type=\"heading.default\">\n\t\t\t\t<div class=\"elementor-widget-container\">\n\t\t\t\t\t<h2 class=\"elementor-heading-title elementor-size-default\">Testimonials<\/h2>\t\t\t\t<\/div>\n\t\t\t\t<\/div>\n\t\t\t\t<div class=\"elementor-element elementor-element-2e3f1d4 container elementor-widget elementor-widget-shortcode\" data-id=\"2e3f1d4\" data-element_type=\"widget\" data-e-type=\"widget\" data-widget_type=\"shortcode.default\">\n\t\t\t\t<div class=\"elementor-widget-container\">\n\t\t\t\t\t\t\t<div class=\"elementor-shortcode\"><div class=\"wprev-no-slider\" id=\"wprev-slider-1\"><style>#wprev-slider-1 .wprev_preview_bradius_T1 {border-radius: 0px;}#wprev-slider-1 .wprev_preview_bg1_T1 {background:;}#wprev-slider-1 .wprev_preview_bg2_T1 {background:;}#wprev-slider-1 .wprev_preview_tcolor1_T1 {color:;}#wprev-slider-1 .wprev_preview_tcolor2_T1 {color:;}#wprev-slider-1 .wprev_preview_bg1_T1::after{ border-top: 30px solid ; }<\/style><style><\/style>\t\t<div class=\"wptripadvisor_t1_outer_div w3_wprs-row-padding\">\r\n\t\t\t\t<div class=\"wptripadvisor_t1_DIV_1 w3_wprs-col l3\">\r\n\t\t\t<div class=\"wptripadvisor_t1_DIV_2 wprev_preview_bg1_T1 wprev_preview_bradius_T1\">\r\n\t\t\t\t<p class=\"wptripadvisor_t1_P_3 wprev_preview_tcolor1_T1\">\r\n\t\t\t\t\t<span class=\"wptripadvisor_star_imgs_T1\"><img decoding=\"async\" src=\"https:\/\/laestanciahotel.pe\/wp-content\/plugins\/wp-tripadvisor-review-slider\/public\/partials\/imgs\/tripadvisor_stars_5.png\" alt=\"star rating\" class=\"wptripadvisor_t1_star_img_file\">&nbsp;&nbsp;<\/span>El hotel super\u00f3 todas mis expectativas: habitaciones c\u00f3modas y limpias, atenci\u00f3n c\u00e1lida y personalizada, y una ubicaci\u00f3n inmejorable. Los detalles en el servicio hicieron la diferencia, y las instalaciones son<a class='wprs_rd_more'>... read more<\/a><span class='wprs_rd_more_text' style='display:none;'> ideales para relajarse y disfrutar. Sin duda, volver\u00e9 en mi pr\u00f3xima visita<\/span>\t\t\t\t<\/p>\r\n\t\t\t\t\t\t\t\t<a href=\"https:\/\/www.tripadvisor.es\/Hotel_Review-g304040-d24823757-Reviews-La_Estancia_Hotel-Ica_Ica_Region.html\" target=\"_blank\" rel=\"nofollow\"><img decoding=\"async\" src=\"https:\/\/laestanciahotel.pe\/wp-content\/plugins\/wp-tripadvisor-review-slider\/public\/partials\/imgs\/tripadvisor_outline.png\" alt=\"tripadvisor logo\" class=\"wptripadvisor_t1_tripadvisor_logo\"><\/a>\t\t\t<\/div><span class=\"wptripadvisor_t1_A_8\"><\/span> <span class=\"wptripadvisor_t1_SPAN_5 wprev_preview_tcolor2_T1\">carlos885522<br\/><span class=\"wprev_showdate_T1\">10 de January de 2025<\/span> <\/span>\r\n\t\t<\/div>\r\n\t\t\t<div class=\"wptripadvisor_t1_DIV_1 w3_wprs-col l3\">\r\n\t\t\t<div class=\"wptripadvisor_t1_DIV_2 wprev_preview_bg1_T1 wprev_preview_bradius_T1\">\r\n\t\t\t\t<p class=\"wptripadvisor_t1_P_3 wprev_preview_tcolor1_T1\">\r\n\t\t\t\t\t<span class=\"wptripadvisor_star_imgs_T1\"><img decoding=\"async\" src=\"https:\/\/laestanciahotel.pe\/wp-content\/plugins\/wp-tripadvisor-review-slider\/public\/partials\/imgs\/tripadvisor_stars_5.png\" alt=\"star rating\" class=\"wptripadvisor_t1_star_img_file\">&nbsp;&nbsp;<\/span>Desde el momento en que llegamos, el personal fue incre\u00edblemente atento y profesional. Nos hicieron sentir como en casa. Nos ofrecieron una bebida de bienvenida y nos guiaron en todo<a class='wprs_rd_more'>... read more<\/a><span class='wprs_rd_more_text' style='display:none;'> lo que necesit\u00e1bamos.<br \/>\r\nExcelente trato al cliente <br \/>\r\nla cercania a la Laguna de Huacachina nos facilito mucho para nuestros tours<\/span>\t\t\t\t<\/p>\r\n\t\t\t\t\t\t\t\t<a href=\"https:\/\/www.tripadvisor.es\/Hotel_Review-g304040-d24823757-Reviews-La_Estancia_Hotel-Ica_Ica_Region.html\" target=\"_blank\" rel=\"nofollow\"><img decoding=\"async\" src=\"https:\/\/laestanciahotel.pe\/wp-content\/plugins\/wp-tripadvisor-review-slider\/public\/partials\/imgs\/tripadvisor_outline.png\" alt=\"tripadvisor logo\" class=\"wptripadvisor_t1_tripadvisor_logo\"><\/a>\t\t\t<\/div><span class=\"wptripadvisor_t1_A_8\"><\/span> <span class=\"wptripadvisor_t1_SPAN_5 wprev_preview_tcolor2_T1\">SANDRA G<br\/><span class=\"wprev_showdate_T1\">12 de November de 2024<\/span> <\/span>\r\n\t\t<\/div>\r\n\t\t\t<div class=\"wptripadvisor_t1_DIV_1 w3_wprs-col l3\">\r\n\t\t\t<div class=\"wptripadvisor_t1_DIV_2 wprev_preview_bg1_T1 wprev_preview_bradius_T1\">\r\n\t\t\t\t<p class=\"wptripadvisor_t1_P_3 wprev_preview_tcolor1_T1\">\r\n\t\t\t\t\t<span class=\"wptripadvisor_star_imgs_T1\"><img decoding=\"async\" src=\"https:\/\/laestanciahotel.pe\/wp-content\/plugins\/wp-tripadvisor-review-slider\/public\/partials\/imgs\/tripadvisor_stars_5.png\" alt=\"star rating\" class=\"wptripadvisor_t1_star_img_file\">&nbsp;&nbsp;<\/span>La pase incre\u00edble, el lugar queda muy cerca del oasis de huacachina, el principal motivo que hice el viaje<br \/>\r\nla atencion es muy buena, el personal del hotel me brindo<a class='wprs_rd_more'>... read more<\/a><span class='wprs_rd_more_text' style='display:none;'> la asistencia que necesitaba<br \/>\r\nes un lugar muy agradable y tranquilo para desconectar, tiene bonita vista a las dunas, espero volver<\/span>\t\t\t\t<\/p>\r\n\t\t\t\t\t\t\t\t<a href=\"https:\/\/www.tripadvisor.es\/Hotel_Review-g304040-d24823757-Reviews-La_Estancia_Hotel-Ica_Ica_Region.html\" target=\"_blank\" rel=\"nofollow\"><img decoding=\"async\" src=\"https:\/\/laestanciahotel.pe\/wp-content\/plugins\/wp-tripadvisor-review-slider\/public\/partials\/imgs\/tripadvisor_outline.png\" alt=\"tripadvisor logo\" class=\"wptripadvisor_t1_tripadvisor_logo\"><\/a>\t\t\t<\/div><span class=\"wptripadvisor_t1_A_8\"><\/span> <span class=\"wptripadvisor_t1_SPAN_5 wprev_preview_tcolor2_T1\">maria fernanda S<br\/><span class=\"wprev_showdate_T1\">17 de October de 2024<\/span> <\/span>\r\n\t\t<\/div>\r\n\t\t\t<div class=\"wptripadvisor_t1_DIV_1 w3_wprs-col l3\">\r\n\t\t\t<div class=\"wptripadvisor_t1_DIV_2 wprev_preview_bg1_T1 wprev_preview_bradius_T1\">\r\n\t\t\t\t<p class=\"wptripadvisor_t1_P_3 wprev_preview_tcolor1_T1\">\r\n\t\t\t\t\t<span class=\"wptripadvisor_star_imgs_T1\"><img decoding=\"async\" src=\"https:\/\/laestanciahotel.pe\/wp-content\/plugins\/wp-tripadvisor-review-slider\/public\/partials\/imgs\/tripadvisor_stars_5.png\" alt=\"star rating\" class=\"wptripadvisor_t1_star_img_file\">&nbsp;&nbsp;<\/span>El hotel es muy bonito, el personal que atiende es muy amable y siempre te recibe con una sonrisa, los desayunos y la comida del hotel super rica, estuvimos disfrutando<a class='wprs_rd_more'>... read more<\/a><span class='wprs_rd_more_text' style='display:none;'> de la piscina, mi familia y yo la pasamos de maravilla<br \/>\r\nel hotel queda muy cerca  a la Laguna de Huacachina y se puede ir caminando<\/span>\t\t\t\t<\/p>\r\n\t\t\t\t\t\t\t\t<a href=\"https:\/\/www.tripadvisor.es\/Hotel_Review-g304040-d24823757-Reviews-La_Estancia_Hotel-Ica_Ica_Region.html\" target=\"_blank\" rel=\"nofollow\"><img decoding=\"async\" src=\"https:\/\/laestanciahotel.pe\/wp-content\/plugins\/wp-tripadvisor-review-slider\/public\/partials\/imgs\/tripadvisor_outline.png\" alt=\"tripadvisor logo\" class=\"wptripadvisor_t1_tripadvisor_logo\"><\/a>\t\t\t<\/div><span class=\"wptripadvisor_t1_A_8\"><\/span> <span class=\"wptripadvisor_t1_SPAN_5 wprev_preview_tcolor2_T1\">Yosanira L<br\/><span class=\"wprev_showdate_T1\">19 de July de 2024<\/span> <\/span>\r\n\t\t<\/div>\r\n\t\t<\/div>\r\n<!-- This file should primarily consist of HTML with a little bit of PHP. -->\r\n<\/div>\r\n<\/div>\n\t\t\t\t\t\t<\/div>\n\t\t\t\t<\/div>\n\t\t\t\t\t<\/div>\n\t\t<\/div>\n\t\t\t\t\t<\/div>\n\t\t<\/section>\n\t\t\t\t<\/div>\n\t\t","protected":false},"excerpt":{"rendered":"<p>Gallery We show you different points of our facilities and common areas. Home All&#8230; <span class=\"knsl-el-more\"><a href=\"https:\/\/laestanciahotel.pe\/en\/gallery\/item\/hotel-3\/\" class=\"knsl-btn\">Read more<\/a><\/span><\/p>\n","protected":false},"author":1,"featured_media":0,"parent":0,"menu_order":0,"comment_status":"closed","ping_status":"closed","template":"template-layout-builder.php","meta":{"_joinchat":[],"footnotes":""},"class_list":["post-4372","page","type-page","status-publish","hentry"],"acf":[],"_links":{"self":[{"href":"https:\/\/laestanciahotel.pe\/en\/wp-json\/wp\/v2\/pages\/4372","targetHints":{"allow":["GET"]}}],"collection":[{"href":"https:\/\/laestanciahotel.pe\/en\/wp-json\/wp\/v2\/pages"}],"about":[{"href":"https:\/\/laestanciahotel.pe\/en\/wp-json\/wp\/v2\/types\/page"}],"author":[{"embeddable":true,"href":"https:\/\/laestanciahotel.pe\/en\/wp-json\/wp\/v2\/users\/1"}],"replies":[{"embeddable":true,"href":"https:\/\/laestanciahotel.pe\/en\/wp-json\/wp\/v2\/comments?post=4372"}],"version-history":[{"count":2,"href":"https:\/\/laestanciahotel.pe\/en\/wp-json\/wp\/v2\/pages\/4372\/revisions"}],"predecessor-version":[{"id":5203,"href":"https:\/\/laestanciahotel.pe\/en\/wp-json\/wp\/v2\/pages\/4372\/revisions\/5203"}],"wp:attachment":[{"href":"https:\/\/laestanciahotel.pe\/en\/wp-json\/wp\/v2\/media?parent=4372"}],"curies":[{"name":"wp","href":"https:\/\/api.w.org\/{rel}","templated":true}]}}