{"id":4366,"date":"2021-12-11T13:10:51","date_gmt":"2021-12-11T13:10:51","guid":{"rendered":"https:\/\/laestanciahotel.pe\/restaurant\/"},"modified":"2022-10-29T18:38:35","modified_gmt":"2022-10-29T18:38:35","slug":"restaurant","status":"publish","type":"page","link":"https:\/\/laestanciahotel.pe\/en\/restaurant\/","title":{"rendered":"Restaurant"},"content":{"rendered":"\t\t<div data-elementor-type=\"wp-page\" data-elementor-id=\"4366\" class=\"elementor elementor-4366 elementor-510\">\n\t\t\t\t\t\t<section class=\"elementor-section elementor-top-section elementor-element elementor-element-e8bc119 elementor-section-full_width elementor-section-height-default elementor-section-height-default\" data-id=\"e8bc119\" data-element_type=\"section\" data-e-type=\"section\" data-settings=\"{&quot;background_background&quot;:&quot;classic&quot;}\">\n\t\t\t\t\t\t<div class=\"elementor-container elementor-column-gap-no\">\n\t\t\t\t\t<div class=\"elementor-column elementor-col-100 elementor-top-column elementor-element elementor-element-4feed01\" data-id=\"4feed01\" data-element_type=\"column\" data-e-type=\"column\">\n\t\t\t<div class=\"elementor-widget-wrap elementor-element-populated\">\n\t\t\t\t\t\t<div class=\"elementor-element elementor-element-adf811f elementor-widget elementor-widget-kinsley-intro\" data-id=\"adf811f\" data-element_type=\"widget\" data-e-type=\"widget\" data-widget_type=\"kinsley-intro.default\">\n\t\t\t\t<div class=\"elementor-widget-container\">\n\t\t\t\t\t\n    <!-- banner -->\n    <section class=\"knsl-banner-simple knsl-transition-bottom\">\n      \n      <div class=\"container\">\n        <div class=\"row\">\n          <div class=\"col-lg-12\">\n\n            <div class=\"knsl-center knsl-title-frame\">\n                            <h1 class=\"knsl-title--h knsl-mb-20 knsl-h1-inner\">\n                <span >\n                    Welcome to our restaurant!                <\/span>\n              <\/h1>\n                                          <p class=\"knsl-text knsl-mb-30\">\n                <span >\n                    We invite you to be part of a delicious gastronomic experience in our restaurant. We prepare each dish in a special way with you in mind.                <\/span>\n              <\/p>\n              \n              <ul class=\"knsl-breadcrumbs\"><li><a href=\"https:\/\/laestanciahotel.pe\/en\/\" title=\"La Estancia Hotel Ica\">Home<\/a><\/li><li class=\"tst-active\"><a><\/a><\/li><\/ul>\n            <\/div>\n\n          <\/div>\n        <\/div>\n      <\/div>\n    <\/section>\n    <!-- banner end -->\n\n\t\t\t\t\t\t<\/div>\n\t\t\t\t<\/div>\n\t\t\t\t\t<\/div>\n\t\t<\/div>\n\t\t\t\t\t<\/div>\n\t\t<\/section>\n\t\t\t\t<section class=\"elementor-section elementor-top-section elementor-element elementor-element-d65d39a elementor-section-full_width elementor-section-height-default elementor-section-height-default\" data-id=\"d65d39a\" data-element_type=\"section\" data-e-type=\"section\" data-settings=\"{&quot;background_background&quot;:&quot;classic&quot;}\">\n\t\t\t\t\t\t<div class=\"elementor-container elementor-column-gap-no\">\n\t\t\t\t\t<div class=\"elementor-column elementor-col-100 elementor-top-column elementor-element elementor-element-637d3e2\" data-id=\"637d3e2\" data-element_type=\"column\" data-e-type=\"column\">\n\t\t\t<div class=\"elementor-widget-wrap elementor-element-populated\">\n\t\t\t\t\t\t<div class=\"elementor-element elementor-element-18283db elementor-widget elementor-widget-kinsley-about\" data-id=\"18283db\" data-element_type=\"widget\" data-e-type=\"widget\" data-widget_type=\"kinsley-about.default\">\n\t\t\t\t<div class=\"elementor-widget-container\">\n\t\t\t\t\t\n\t\t<!-- about -->\n    <section class=\"knsl-p-0-100\">\n\n      <div class=\"container\">\n        <div class=\"knsl-about-card\">\n                      \t\t\t\t\t\t<div class=\"row no-gutters\">\t            <div class=\"col-lg-6\">\n\t              \t              <div class=\"knsl-about-photo\">\n\t                <img decoding=\"async\" src=\"https:\/\/laestanciahotel.pe\/wp-content\/uploads\/2022\/08\/restobar-950x632.jpg\" alt=\"\" \/>\n\t              <\/div>\n\t              \t            <\/div>\n\t            <div class=\"col-lg-6 align-self-center\">\n\t              <div class=\"knsl-about-text\">\n\t                <div class=\"knsl-title-frame\">\n\t                  \t                  <h2 class=\"knsl-mb-20\">\n\t                  \t<span >\n\t\t\t\t\t\t        \t\tWe invite you to visit our restaurant.\t\t\t\t\t\t        \t<\/span>\n\t                  <\/h2>\n\t                  \t                  \t\t\t              <div class=\"knsl-text knsl-mb-30\">\n\t\t\t\t                <div >\n\t\t\t\t\t\t\t\t        \t<p>We have a variety of Peruvian and international dishes, prepared with select and fresh, high-quality products.<\/p>\n<p>Our goal is for you to explore a world of aromas, textures and flavors with our dishes.<\/p>\n\t\t\t\t\t\t\t\t        <\/div>\n\t\t\t\t\t\t\t      <\/div>\n\t\t\t          \t\t\t\t\t          \t\t\t                  <a target=\"_blank\" href=\"https:\/\/laestanciahotel.pe\/wp-content\/uploads\/2022\/10\/Carta-Bar-La-Estancia.pdf\" class=\"knsl-btn knsl-btn-md\">\n\t                  \t<span >\n\t\t\t\t\t\t        \t\tMenu\t\t\t\t\t\t        \t<\/span>\n\t                  <\/a>\n\t                  \t                <\/div>\n\t              <\/div>\n\t            <\/div>\n\t            <\/div>\t            \t          \t        <\/div>\n\t      <\/div>\n\n\t    <\/section>\n\t    <!-- about end -->\n\n\t\t\t\t\t\t\t<\/div>\n\t\t\t\t<\/div>\n\t\t\t\t\t<\/div>\n\t\t<\/div>\n\t\t\t\t\t<\/div>\n\t\t<\/section>\n\t\t\t\t<section class=\"elementor-section elementor-top-section elementor-element elementor-element-4a2cf7d elementor-section-full_width elementor-section-height-default elementor-section-height-default\" data-id=\"4a2cf7d\" data-element_type=\"section\" data-e-type=\"section\" data-settings=\"{&quot;background_background&quot;:&quot;classic&quot;}\">\n\t\t\t\t\t\t\t<div class=\"elementor-background-overlay\"><\/div>\n\t\t\t\t\t\t\t<div class=\"elementor-container elementor-column-gap-no\">\n\t\t\t\t\t<div class=\"elementor-column elementor-col-100 elementor-top-column elementor-element elementor-element-90f248b\" data-id=\"90f248b\" data-element_type=\"column\" data-e-type=\"column\">\n\t\t\t<div class=\"elementor-widget-wrap elementor-element-populated\">\n\t\t\t\t\t\t<div class=\"elementor-element elementor-element-7517592 elementor-widget elementor-widget-heading\" data-id=\"7517592\" data-element_type=\"widget\" data-e-type=\"widget\" data-widget_type=\"heading.default\">\n\t\t\t\t<div class=\"elementor-widget-container\">\n\t\t\t\t\t<h2 class=\"elementor-heading-title elementor-size-default\">Testimonials<\/h2>\t\t\t\t<\/div>\n\t\t\t\t<\/div>\n\t\t\t\t<div class=\"elementor-element elementor-element-148eb7b container elementor-widget elementor-widget-shortcode\" data-id=\"148eb7b\" data-element_type=\"widget\" data-e-type=\"widget\" data-widget_type=\"shortcode.default\">\n\t\t\t\t<div class=\"elementor-widget-container\">\n\t\t\t\t\t\t\t<div class=\"elementor-shortcode\"><div class=\"wprev-no-slider\" id=\"wprev-slider-1\"><style>#wprev-slider-1 .wprev_preview_bradius_T1 {border-radius: 0px;}#wprev-slider-1 .wprev_preview_bg1_T1 {background:;}#wprev-slider-1 .wprev_preview_bg2_T1 {background:;}#wprev-slider-1 .wprev_preview_tcolor1_T1 {color:;}#wprev-slider-1 .wprev_preview_tcolor2_T1 {color:;}#wprev-slider-1 .wprev_preview_bg1_T1::after{ border-top: 30px solid ; }<\/style><style><\/style>\t\t<div class=\"wptripadvisor_t1_outer_div w3_wprs-row-padding\">\r\n\t\t\t\t<div class=\"wptripadvisor_t1_DIV_1 w3_wprs-col l3\">\r\n\t\t\t<div class=\"wptripadvisor_t1_DIV_2 wprev_preview_bg1_T1 wprev_preview_bradius_T1\">\r\n\t\t\t\t<p class=\"wptripadvisor_t1_P_3 wprev_preview_tcolor1_T1\">\r\n\t\t\t\t\t<span class=\"wptripadvisor_star_imgs_T1\"><img decoding=\"async\" src=\"https:\/\/laestanciahotel.pe\/wp-content\/plugins\/wp-tripadvisor-review-slider\/public\/partials\/imgs\/tripadvisor_stars_5.png\" alt=\"star rating\" class=\"wptripadvisor_t1_star_img_file\">&nbsp;&nbsp;<\/span>El hotel super\u00f3 todas mis expectativas: habitaciones c\u00f3modas y limpias, atenci\u00f3n c\u00e1lida y personalizada, y una ubicaci\u00f3n inmejorable. Los detalles en el servicio hicieron la diferencia, y las instalaciones son<a class='wprs_rd_more'>... read more<\/a><span class='wprs_rd_more_text' style='display:none;'> ideales para relajarse y disfrutar. Sin duda, volver\u00e9 en mi pr\u00f3xima visita<\/span>\t\t\t\t<\/p>\r\n\t\t\t\t\t\t\t\t<a href=\"https:\/\/www.tripadvisor.es\/Hotel_Review-g304040-d24823757-Reviews-La_Estancia_Hotel-Ica_Ica_Region.html\" target=\"_blank\" rel=\"nofollow\"><img decoding=\"async\" src=\"https:\/\/laestanciahotel.pe\/wp-content\/plugins\/wp-tripadvisor-review-slider\/public\/partials\/imgs\/tripadvisor_outline.png\" alt=\"tripadvisor logo\" class=\"wptripadvisor_t1_tripadvisor_logo\"><\/a>\t\t\t<\/div><span class=\"wptripadvisor_t1_A_8\"><\/span> <span class=\"wptripadvisor_t1_SPAN_5 wprev_preview_tcolor2_T1\">carlos885522<br\/><span class=\"wprev_showdate_T1\">10 de January de 2025<\/span> <\/span>\r\n\t\t<\/div>\r\n\t\t\t<div class=\"wptripadvisor_t1_DIV_1 w3_wprs-col l3\">\r\n\t\t\t<div class=\"wptripadvisor_t1_DIV_2 wprev_preview_bg1_T1 wprev_preview_bradius_T1\">\r\n\t\t\t\t<p class=\"wptripadvisor_t1_P_3 wprev_preview_tcolor1_T1\">\r\n\t\t\t\t\t<span class=\"wptripadvisor_star_imgs_T1\"><img decoding=\"async\" src=\"https:\/\/laestanciahotel.pe\/wp-content\/plugins\/wp-tripadvisor-review-slider\/public\/partials\/imgs\/tripadvisor_stars_5.png\" alt=\"star rating\" class=\"wptripadvisor_t1_star_img_file\">&nbsp;&nbsp;<\/span>Desde el momento en que llegamos, el personal fue incre\u00edblemente atento y profesional. Nos hicieron sentir como en casa. Nos ofrecieron una bebida de bienvenida y nos guiaron en todo<a class='wprs_rd_more'>... read more<\/a><span class='wprs_rd_more_text' style='display:none;'> lo que necesit\u00e1bamos.<br \/>\r\nExcelente trato al cliente <br \/>\r\nla cercania a la Laguna de Huacachina nos facilito mucho para nuestros tours<\/span>\t\t\t\t<\/p>\r\n\t\t\t\t\t\t\t\t<a href=\"https:\/\/www.tripadvisor.es\/Hotel_Review-g304040-d24823757-Reviews-La_Estancia_Hotel-Ica_Ica_Region.html\" target=\"_blank\" rel=\"nofollow\"><img decoding=\"async\" src=\"https:\/\/laestanciahotel.pe\/wp-content\/plugins\/wp-tripadvisor-review-slider\/public\/partials\/imgs\/tripadvisor_outline.png\" alt=\"tripadvisor logo\" class=\"wptripadvisor_t1_tripadvisor_logo\"><\/a>\t\t\t<\/div><span class=\"wptripadvisor_t1_A_8\"><\/span> <span class=\"wptripadvisor_t1_SPAN_5 wprev_preview_tcolor2_T1\">SANDRA G<br\/><span class=\"wprev_showdate_T1\">12 de November de 2024<\/span> <\/span>\r\n\t\t<\/div>\r\n\t\t\t<div class=\"wptripadvisor_t1_DIV_1 w3_wprs-col l3\">\r\n\t\t\t<div class=\"wptripadvisor_t1_DIV_2 wprev_preview_bg1_T1 wprev_preview_bradius_T1\">\r\n\t\t\t\t<p class=\"wptripadvisor_t1_P_3 wprev_preview_tcolor1_T1\">\r\n\t\t\t\t\t<span class=\"wptripadvisor_star_imgs_T1\"><img decoding=\"async\" src=\"https:\/\/laestanciahotel.pe\/wp-content\/plugins\/wp-tripadvisor-review-slider\/public\/partials\/imgs\/tripadvisor_stars_5.png\" alt=\"star rating\" class=\"wptripadvisor_t1_star_img_file\">&nbsp;&nbsp;<\/span>La pase incre\u00edble, el lugar queda muy cerca del oasis de huacachina, el principal motivo que hice el viaje<br \/>\r\nla atencion es muy buena, el personal del hotel me brindo<a class='wprs_rd_more'>... read more<\/a><span class='wprs_rd_more_text' style='display:none;'> la asistencia que necesitaba<br \/>\r\nes un lugar muy agradable y tranquilo para desconectar, tiene bonita vista a las dunas, espero volver<\/span>\t\t\t\t<\/p>\r\n\t\t\t\t\t\t\t\t<a href=\"https:\/\/www.tripadvisor.es\/Hotel_Review-g304040-d24823757-Reviews-La_Estancia_Hotel-Ica_Ica_Region.html\" target=\"_blank\" rel=\"nofollow\"><img decoding=\"async\" src=\"https:\/\/laestanciahotel.pe\/wp-content\/plugins\/wp-tripadvisor-review-slider\/public\/partials\/imgs\/tripadvisor_outline.png\" alt=\"tripadvisor logo\" class=\"wptripadvisor_t1_tripadvisor_logo\"><\/a>\t\t\t<\/div><span class=\"wptripadvisor_t1_A_8\"><\/span> <span class=\"wptripadvisor_t1_SPAN_5 wprev_preview_tcolor2_T1\">maria fernanda S<br\/><span class=\"wprev_showdate_T1\">17 de October de 2024<\/span> <\/span>\r\n\t\t<\/div>\r\n\t\t\t<div class=\"wptripadvisor_t1_DIV_1 w3_wprs-col l3\">\r\n\t\t\t<div class=\"wptripadvisor_t1_DIV_2 wprev_preview_bg1_T1 wprev_preview_bradius_T1\">\r\n\t\t\t\t<p class=\"wptripadvisor_t1_P_3 wprev_preview_tcolor1_T1\">\r\n\t\t\t\t\t<span class=\"wptripadvisor_star_imgs_T1\"><img decoding=\"async\" src=\"https:\/\/laestanciahotel.pe\/wp-content\/plugins\/wp-tripadvisor-review-slider\/public\/partials\/imgs\/tripadvisor_stars_5.png\" alt=\"star rating\" class=\"wptripadvisor_t1_star_img_file\">&nbsp;&nbsp;<\/span>El hotel es muy bonito, el personal que atiende es muy amable y siempre te recibe con una sonrisa, los desayunos y la comida del hotel super rica, estuvimos disfrutando<a class='wprs_rd_more'>... read more<\/a><span class='wprs_rd_more_text' style='display:none;'> de la piscina, mi familia y yo la pasamos de maravilla<br \/>\r\nel hotel queda muy cerca  a la Laguna de Huacachina y se puede ir caminando<\/span>\t\t\t\t<\/p>\r\n\t\t\t\t\t\t\t\t<a href=\"https:\/\/www.tripadvisor.es\/Hotel_Review-g304040-d24823757-Reviews-La_Estancia_Hotel-Ica_Ica_Region.html\" target=\"_blank\" rel=\"nofollow\"><img decoding=\"async\" src=\"https:\/\/laestanciahotel.pe\/wp-content\/plugins\/wp-tripadvisor-review-slider\/public\/partials\/imgs\/tripadvisor_outline.png\" alt=\"tripadvisor logo\" class=\"wptripadvisor_t1_tripadvisor_logo\"><\/a>\t\t\t<\/div><span class=\"wptripadvisor_t1_A_8\"><\/span> <span class=\"wptripadvisor_t1_SPAN_5 wprev_preview_tcolor2_T1\">Yosanira L<br\/><span class=\"wprev_showdate_T1\">19 de July de 2024<\/span> <\/span>\r\n\t\t<\/div>\r\n\t\t<\/div>\r\n<!-- This file should primarily consist of HTML with a little bit of PHP. -->\r\n<\/div>\r\n<\/div>\n\t\t\t\t\t\t<\/div>\n\t\t\t\t<\/div>\n\t\t\t\t\t<\/div>\n\t\t<\/div>\n\t\t\t\t\t<\/div>\n\t\t<\/section>\n\t\t\t\t<\/div>\n\t\t","protected":false},"excerpt":{"rendered":"<p>Welcome to our restaurant! We invite you to be part of a delicious gastronomic experience in our restaurant. We prepare&#8230; <span class=\"knsl-el-more\"><a href=\"https:\/\/laestanciahotel.pe\/en\/restaurant\/\" class=\"knsl-btn\">Read more<\/a><\/span><\/p>\n","protected":false},"author":1,"featured_media":5054,"parent":0,"menu_order":0,"comment_status":"closed","ping_status":"closed","template":"template-layout-builder.php","meta":{"_joinchat":[],"footnotes":""},"class_list":["post-4366","page","type-page","status-publish","has-post-thumbnail","hentry"],"acf":[],"_links":{"self":[{"href":"https:\/\/laestanciahotel.pe\/en\/wp-json\/wp\/v2\/pages\/4366","targetHints":{"allow":["GET"]}}],"collection":[{"href":"https:\/\/laestanciahotel.pe\/en\/wp-json\/wp\/v2\/pages"}],"about":[{"href":"https:\/\/laestanciahotel.pe\/en\/wp-json\/wp\/v2\/types\/page"}],"author":[{"embeddable":true,"href":"https:\/\/laestanciahotel.pe\/en\/wp-json\/wp\/v2\/users\/1"}],"replies":[{"embeddable":true,"href":"https:\/\/laestanciahotel.pe\/en\/wp-json\/wp\/v2\/comments?post=4366"}],"version-history":[{"count":6,"href":"https:\/\/laestanciahotel.pe\/en\/wp-json\/wp\/v2\/pages\/4366\/revisions"}],"predecessor-version":[{"id":4777,"href":"https:\/\/laestanciahotel.pe\/en\/wp-json\/wp\/v2\/pages\/4366\/revisions\/4777"}],"wp:featuredmedia":[{"embeddable":true,"href":"https:\/\/laestanciahotel.pe\/en\/wp-json\/wp\/v2\/media\/5054"}],"wp:attachment":[{"href":"https:\/\/laestanciahotel.pe\/en\/wp-json\/wp\/v2\/media?parent=4366"}],"curies":[{"name":"wp","href":"https:\/\/api.w.org\/{rel}","templated":true}]}}